{"id":53310,"date":"2015-09-21T10:28:13","date_gmt":"2015-09-21T08:28:13","guid":{"rendered":"http:\/\/summer-lee.com.w013a091.kasserver.com\/?page_id=53310"},"modified":"2020-02-03T11:59:26","modified_gmt":"2020-02-03T10:59:26","slug":"impressum","status":"publish","type":"page","link":"http:\/\/www.summer-lee.com\/index.php\/impressum\/","title":{"rendered":"Impressum"},"content":{"rendered":"<p>ANGABEN GEM\u00c4SS \u00a7 5 TMG:<\/p>\n<p>SUMMER Z. Li<\/p>\n<p>Pariser Stra\u00dfe 6<\/p>\n<p>60486 FRANKFURT AM MAIN<\/p>\n<p>SUMMERLEE[AT]LIVE[DOT]DE<\/p>\n<p>004917683028890<\/p>\n<p>VERANTWORTLICHE PERSON: SUMMER Z. Li<\/p>\n<p>1. INHALT DES ONLINEANGEBOTES DER AUTOR \u00dcBERNIMMT KEINERLEI GEW\u00c4HR F\u00dcR DIE AKTUALIT\u00c4T, KORREKTHEIT, VOLLST\u00c4NDIGKEIT ODER QUALIT\u00c4T DER BEREITGESTELLTEN INFORMATIONEN. HAFTUNGSANSPR\u00dcCHE GEGEN DEN AUTOR, WELCHE SICH AUF SCH\u00c4DEN MATERIELLER ODER IDEELLER ART BEZIEHEN, DIE DURCH DIE NUTZUNG ODER NICHTNUTZUNG DER DARGEBOTENEN INFORMATIONEN BZW. DURCH DIE NUTZUNG FEHLERHAFTER UND UNVOLLST\u00c4NDIGER INFORMATIONEN VERURSACHT WURDEN, SIND GRUNDS\u00c4TZLICH AUSGESCHLOSSEN, SOFERN SEITENS DES AUTORS KEIN NACHWEISLICH VORS\u00c4TZLICHES ODER GROB FAHRL\u00c4SSIGES VERSCHULDEN VORLIEGT. ALLE ANGEBOTE SIND FREIBLEIBEND UND UNVERBINDLICH. DER AUTOR BEH\u00c4LT ES SICH AUSDR\u00dcCKLICH VOR, TEILE DER SEITEN ODER DAS GESAMTE ANGEBOT OHNE GESONDERTE ANK\u00dcNDIGUNG ZU VER\u00c4NDERN, ZU ERG\u00c4NZEN, ZU L\u00d6SCHEN ODER DIE VER\u00d6FFENTLICHUNG ZEITWEISE ODER ENDG\u00dcLTIG EINZUSTELLEN. 2. VERWEISE UND LINKS BEI DIREKTEN ODER INDIREKTEN VERWEISEN AUF FREMDE WEBSEITEN (\u201cHYPERLINKS\u201d), DIE AUSSERHALB DES VERANTWORTUNGSBEREICHES DES AUTORS LIEGEN, W\u00dcRDE EINE HAFTUNGSVERPFLICHTUNG AUSSCHLIESSLICH IN DEM FALL IN KRAFT TRETEN, IN DEM DER AUTOR VON DEN INHALTEN KENNTNIS HAT UND ES IHM TECHNISCH M\u00d6GLICH UND ZUMUTBAR W\u00c4RE, DIE NUTZUNG IM FALLE RECHTSWIDRIGER INHALTE ZU VERHINDERN. DER AUTOR ERKL\u00c4RT HIERMIT AUSDR\u00dcCKLICH, DASS ZUM ZEITPUNKT DER LINKSETZUNG KEINE ILLEGALEN INHALTE AUF DEN ZU VERLINKENDEN SEITEN ERKENNBAR WAREN. AUF DIE AKTUELLE UND ZUK\u00dcNFTIGE GESTALTUNG, DIE INHALTE ODER DIE URHEBERSCHAFT DER VERLINKTEN\/VERKN\u00dcPFTEN SEITEN HAT DER AUTOR KEINERLEI EINFLUSS. DESHALB DISTANZIERT ER SICH HIERMIT AUSDR\u00dcCKLICH VON ALLEN INHALTEN ALLER VERLINKTEN \/VERKN\u00dcPFTEN SEITEN, DIE NACH DER LINKSETZUNG VER\u00c4NDERT WURDEN. DIESE FESTSTELLUNG GILT F\u00dcR ALLE INNERHALB DES EIGENEN INTERNETANGEBOTES GESETZTEN LINKS UND VERWEISE SOWIE F\u00dcR FREMDEINTR\u00c4GE IN VOM AUTOR EINGERICHTETEN G\u00c4STEB\u00dcCHERN, DISKUSSIONSFOREN, LINKVERZEICHNISSEN, MAILINGLISTEN UND IN ALLEN ANDEREN FORMEN VON DATENBANKEN, AUF DEREN INHALT EXTERNE SCHREIBZUGRIFFE M\u00d6GLICH SIND. F\u00dcR ILLEGALE, FEHLERHAFTE ODER UNVOLLST\u00c4NDIGE INHALTE UND INSBESONDERE F\u00dcR SCH\u00c4DEN, DIE AUS DER NUTZUNG ODER NICHTNUTZUNG SOLCHERART DARGEBOTENER INFORMATIONEN ENTSTEHEN, HAFTET ALLEIN DER ANBIETER DER SEITE, AUF WELCHE VERWIESEN WURDE, NICHT DERJENIGE, DER \u00dcBER LINKS AUF DIE JEWEILIGE VER\u00d6FFENTLICHUNG LEDIGLICH VERWEIST. 3. URHEBER- UND KENNZEICHENRECHT DER AUTOR IST BESTREBT, IN ALLEN PUBLIKATIONEN DIE URHEBERRECHTE DER VERWENDETEN BILDER, GRAFIKEN, TONDOKUMENTE, VIDEOSEQUENZEN UND TEXTE ZU BEACHTEN, VON IHM SELBST ERSTELLTE BILDER, GRAFIKEN, TONDOKUMENTE, VIDEOSEQUENZEN UND TEXTE ZU NUTZEN ODER AUF LIZENZFREIE GRAFIKEN, TONDOKUMENTE, VIDEOSEQUENZEN UND TEXTE ZUR\u00dcCKZUGREIFEN. ALLE INNERHALB DES INTERNETANGEBOTES GENANNTEN UND GGF. DURCH DRITTE GESCH\u00dcTZTEN MARKEN- UND WARENZEICHEN UNTERLIEGEN UNEINGESCHR\u00c4NKT DEN BESTIMMUNGEN DES JEWEILS G\u00dcLTIGEN KENNZEICHENRECHTS UND DEN BESITZRECHTEN DER JEWEILIGEN EINGETRAGENEN EIGENT\u00dcMER. ALLEIN AUFGRUND DER BLOSSEN NENNUNG IST NICHT DER SCHLUSS ZU ZIEHEN, DASS MARKENZEICHEN NICHT DURCH RECHTE DRITTER GESCH\u00dcTZT SIND! DAS COPYRIGHT F\u00dcR VER\u00d6FFENTLICHTE, VOM AUTOR SELBST ERSTELLTE OBJEKTE BLEIBT ALLEIN BEIM AUTOR DER SEITEN. EINE VERVIELF\u00c4LTIGUNG ODER VERWENDUNG SOLCHER GRAFIKEN, TONDOKUMENTE, VIDEOSEQUENZEN UND TEXTE IN ANDEREN ELEKTRONISCHEN ODER GEDRUCKTEN PUBLIKATIONEN IST OHNE AUSDR\u00dcCKLICHE ZUSTIMMUNG DES AUTORS NICHT GESTATTET. 4. DATENSCHUTZ SOFERN INNERHALB DES INTERNETANGEBOTES DIE M\u00d6GLICHKEIT ZUR EINGABE PERS\u00d6NLICHER ODER GESCH\u00c4FTLICHER DATEN (EMAILADRESSEN, NAMEN, ANSCHRIFTEN) BESTEHT, SO ERFOLGT DIE PREISGABE DIESER DATEN SEITENS DES NUTZERS AUF AUSDR\u00dcCKLICH FREIWILLIGER BASIS. DIE INANSPRUCHNAHME UND BEZAHLUNG ALLER ANGEBOTENEN DIENSTE IST \u2013 SOWEIT TECHNISCH M\u00d6GLICH UND ZUMUTBAR \u2013 AUCH OHNE ANGABE SOLCHER DATEN BZW. UNTER ANGABE ANONYMISIERTER DATEN ODER EINES PSEUDONYMS GESTATTET. DIE NUTZUNG DER IM RAHMEN DES IMPRESSUMS ODER VERGLEICHBARER ANGABEN VER\u00d6FFENTLICHTEN KONTAKTDATEN WIE POSTANSCHRIFTEN, TELEFON- UND FAXNUMMERN SOWIE EMAILADRESSEN DURCH DRITTE ZUR \u00dcBERSENDUNG VON NICHT AUSDR\u00dcCKLICH ANGEFORDERTEN INFORMATIONEN IST NICHT GESTATTET. RECHTLICHE SCHRITTE GEGEN DIE VERSENDER VON SOGENANNTEN SPAM-MAILS BEI VERST\u00d6SSEN GEGEN DIESES VERBOT SIND AUSDR\u00dcCKLICH VORBEHALTEN. 5. RECHTSWIRKSAMKEIT DIESES HAFTUNGSAUSSCHLUSSES DIESER HAFTUNGSAUSSCHLUSS IST ALS TEIL DES INTERNETANGEBOTES ZU BETRACHTEN, VON DEM AUS AUF DIESE SEITE VERWIESEN WURDE. SOFERN TEILE ODER EINZELNE FORMULIERUNGEN DIESES TEXTES DER GELTENDEN RECHTSLAGE NICHT, NICHT MEHR ODER NICHT VOLLST\u00c4NDIG ENTSPRECHEN SOLLTEN, BLEIBEN DIE \u00dcBRIGEN TEILE DES DOKUMENTES IN IHREM INHALT UND IHRER G\u00dcLTIGKEIT DAVON UNBER\u00dcHRT NUTZUNG VON GOOGLE ANALYTICS UNSERE HOMEPAGE BENUTZT GOOGLE ANALYTICS, EINEN WEBANALYSEDIENST VON GOOGLE. GOOGLE ANALYTICS VERWENDET SO GENANNTE COOKIES (KLEINE TEXTDATEIEN), DIE AUF IHREM COMPUTER GESPEICHERT WERDEN UND DIE EINE ANALYSE DER BENUTZUNG DER WEBSITE DURCH SIE ERM\u00d6GLICHEN. DIE DURCH DIE COOKIE ERZEUGTEN INFORMATIONEN \u00dcBER IHRE BENUTZUNG DIESER HOMEPAGE (EINSCHLIESSLICH IHRER IP-ADRESSE) WERDEN AN EINEN SERVER VON GOOGLE IN DEN USA \u00dcBERTRAGEN UND DORT GESPEICHERT. GOOGLE WIRD DIESE INFORMATIONEN BENUTZEN, UM IHRE NUTZUNG DER WEBSITE AUSZUWERTEN, UM REPORTS \u00dcBER DIE WEBSITEAKTIVIT\u00c4TEN F\u00dcR DIE HOMEPAGE-BETREIBER ZUSAMMENZUSTELLEN UND UM WEITERE MIT DER WEBSITENUTZUNG UND DER INTERNETNUTZUNG VERBUNDENE DIENSTLEISTUNGEN ZU ERBRINGEN. AUCH WIRD GOOGLE DIESE INFORMATIONEN GEGEBENENFALLS AN DRITTE \u00dcBERTRAGEN, SOFERN DIESES GESETZLICH VORGESCHRIEBEN IST ODER SOWEIT DRITTE DIESE DATEN IM AUFTRAG VON GOOGLE VERARBEITEN. GOOGLE WIRD IN KEINEM FALL IHRE IP-ADRESSE MIT ANDEREN DATEN VON GOOGLE IN VERBINDUNG BRINGEN. SIE K\u00d6NNEN DIE INSTALLATION DER COOKIES DURCH EINE ENTSPRECHENDE EINSTELLUNG IN IHRER BROWSER-SOFTWARE VERHINDERN, WIR WEISEN SIE JEDOCH DARAUF HIN, DASS SIE IN DIESEM FALL GEGEBENENFALLS NICHT S\u00c4MTLICHE FUNKTIONEN DIESER WEBSITE IN VOLLEM UMFANG NUTZEN K\u00d6NNEN. DURCH DIE NUTZUNG UNSERER HOMEPAGE ERKL\u00c4REN SIE SICH MIT DER BEARBEITUNG, DER \u00dcBER SIE ERHOBENEN DATEN DURCH GOOGLE, IN DER ZUVOR BESCHRIEBENEN ART UND WEISE UND ZU DEM ZUVOR BENANNTEN ZWECK EINVERSTANDEN VERWENDUNG VON FACEBOOK SOCIAL PLUGINS: DIESER INTERNETAUFTRITT VERWENDET SOCIAL PLUGINS (\u201cPLUGINS\u201d) DES SOZIALEN NETZWERKES FACEBOOK.COM, WELCHES VON DER FACEBOOK INC., 1601 S. CALIFORNIA AVE, PALO ALTO, CA 94304, USA BETRIEBEN WIRD (\u201cFACEBOOK\u201d). DIE PLUGINS SIND MIT EINEM FACEBOOK LOGO UND\/ODER DEM TEXT \u201cGEF\u00c4LLT MIR\u201d GEKENNZEICHNET. WENN SIE EINE WEBSEITE MEINES INTERNETAUFTRITTS AUFRUFEN, DIE EIN SOLCHES PLUGIN ENTH\u00c4LT, BAUT IHR BROWSER EINE DIREKTE VERBINDUNG MIT DEN SERVERN VON FACEBOOK AUF. DER INHALT DES PLUGINS WIRD VON FACEBOOK DIREKT AN IHREN BROWSER \u00dcBERMITTELT UND VON DIESEM IN DIE WEBSEITE EINGEBUNDEN. DURCH DIE EINBINDUNG DER PLUGINS ERH\u00c4LT FACEBOOK DIE INFORMATION, DASS SIE DIE ENTSPRECHENDE SEITE UNSERES INTERNETAUFTRITTS AUFGERUFEN HABEN. SIND SIE BEI FACEBOOK EINGELOGGT, KANN FACEBOOK DEN BESUCH IHREM FACEBOOK-KONTO ZUORDNEN. WENN SIE MIT DEN PLUGINS INTERAGIEREN, ZUM BEISPIEL DEN \u201cGEF\u00c4LLT MIR\u201d BUTTON BET\u00c4TIGEN ODER EINEN KOMMENTAR ABGEBEN, WIRD DIE ENTSPRECHENDE INFORMATION VON IHREM BROWSER DIREKT AN FACEBOOK \u00dcBERMITTELT UND DORT GESPEICHERT. ZWECK UND UMFANG DER DATENERHEBUNG UND DIE WEITERE VERARBEITUNG UND NUTZUNG DER DATEN DURCH FACEBOOK SOWIE IHRE DIESBEZ\u00dcGLICHEN RECHTE UND EINSTELLUNGSM\u00d6GLICHKEITEN ZUM SCHUTZ IHRER PRIVATSSPH\u00c4RE ENTNEHMEN SIE BITTE DEN DATENSCHUTZHINWEISEN VON FACEBOOK. WENN SIE NICHT M\u00d6CHTEN, DASS FACEBOOK \u00dcBER MEINEN INTERNETAUFTRITT DATEN \u00dcBER SIE SAMMELT, M\u00dcSSEN SIE SICH VOR IHREM BESUCH MEINES INTERNETAUFTRITTS BEI FACEBOOK AUSLOGGEN.<\/p>\n","protected":false},"excerpt":{"rendered":"<p>ANGABEN GEM\u00c4SS \u00a7 5 TMG: SUMMER Z. Li Pariser Stra\u00dfe 6 60486 FRANKFURT AM MAIN SUMMERLEE[AT]LIVE[DOT]DE 004917683028890 VERANTWORTLICHE PERSON: SUMMER Z. Li 1. INHALT DES ONLINEANGEBOTES DER AUTOR \u00dcBERNIMMT KEINERLEI GEW\u00c4HR F\u00dcR DIE AKTUALIT\u00c4T, KORREKTHEIT, VOLLST\u00c4NDIGKEIT ODER QUALIT\u00c4T DER BEREITGESTELLTEN INFORMATIONEN. HAFTUNGSANSPR\u00dcCHE GEGEN DEN AUTOR, WELCHE SICH AUF SCH\u00c4DEN MATERIELLER ODER IDEELLER ART BEZIEHEN, DIE &#8230;<\/p>\n","protected":false},"author":1,"featured_media":0,"parent":0,"menu_order":0,"comment_status":"closed","ping_status":"closed","template":"","meta":{"spay_email":""},"_links":{"self":[{"href":"http:\/\/www.summer-lee.com\/index.php\/wp-json\/wp\/v2\/pages\/53310"}],"collection":[{"href":"http:\/\/www.summer-lee.com\/index.php\/wp-json\/wp\/v2\/pages"}],"about":[{"href":"http:\/\/www.summer-lee.com\/index.php\/wp-json\/wp\/v2\/types\/page"}],"author":[{"embeddable":true,"href":"http:\/\/www.summer-lee.com\/index.php\/wp-json\/wp\/v2\/users\/1"}],"replies":[{"embeddable":true,"href":"http:\/\/www.summer-lee.com\/index.php\/wp-json\/wp\/v2\/comments?post=53310"}],"version-history":[{"count":5,"href":"http:\/\/www.summer-lee.com\/index.php\/wp-json\/wp\/v2\/pages\/53310\/revisions"}],"predecessor-version":[{"id":59092,"href":"http:\/\/www.summer-lee.com\/index.php\/wp-json\/wp\/v2\/pages\/53310\/revisions\/59092"}],"wp:attachment":[{"href":"http:\/\/www.summer-lee.com\/index.php\/wp-json\/wp\/v2\/media?parent=53310"}],"curies":[{"name":"wp","href":"https:\/\/api.w.org\/{rel}","templated":true}]}}